{"id":173,"date":"2024-10-08T00:38:38","date_gmt":"2024-10-08T00:38:38","guid":{"rendered":"https:\/\/accountantmn.com\/?page_id=173"},"modified":"2024-12-01T22:35:57","modified_gmt":"2024-12-01T22:35:57","slug":"contacto","status":"publish","type":"page","link":"https:\/\/accountantmn.com\/en\/contacto\/","title":{"rendered":"Contacto"},"content":{"rendered":"<figure class=\"wp-block-pullquote\"><blockquote><p>Your satisfaction is our priority. Our team is committed to providing you with the best care.<\/p><cite>\u00bfNecesitas ayuda? Ofrecemos <strong>servicios simples<\/strong> para satisfacer tus <strong>necesidades<\/strong>. \u00a1Solicita tu <strong>consulta gratis<\/strong> y descubre en qu\u00e9 <strong>podemos ayudarte<\/strong>. <strong>Tambi\u00e9n estamos en Facebook<\/strong> para atenderte.<\/cite><\/blockquote><\/figure>\n\n\n\n<figure class=\"wp-block-image size-full\"><img decoding=\"async\" width=\"616\" height=\"408\" data-src=\"https:\/\/accountantmn.com\/wp-content\/uploads\/2024\/10\/contacto.png\" alt=\"\" class=\"wp-image-174 lazyload\" data-srcset=\"https:\/\/accountantmn.com\/wp-content\/uploads\/2024\/10\/contacto.png 616w, https:\/\/accountantmn.com\/wp-content\/uploads\/2024\/10\/contacto-300x199.png 300w, https:\/\/accountantmn.com\/wp-content\/uploads\/2024\/10\/contacto-18x12.png 18w\" data-sizes=\"(max-width: 616px) 100vw, 616px\" src=\"data:image\/svg+xml;base64,PHN2ZyB3aWR0aD0iMSIgaGVpZ2h0PSIxIiB4bWxucz0iaHR0cDovL3d3dy53My5vcmcvMjAwMC9zdmciPjwvc3ZnPg==\" style=\"--smush-placeholder-width: 616px; --smush-placeholder-aspect-ratio: 616\/408;\" \/><\/figure>","protected":false},"excerpt":{"rendered":"<p>Tu satisfacci\u00f3n es nuestra prioridad. Nuestro equipo est\u00e1 comprometido en brindarte la mejor atenci\u00f3n. \u00bfNecesitas ayuda? Ofrecemos servicios simples para satisfacer tus necesidades. \u00a1Solicita tu consulta gratis y descubre en qu\u00e9 podemos ayudarte. Tambi\u00e9n estamos en Facebook para atenderte.<\/p>","protected":false},"author":1,"featured_media":0,"parent":0,"menu_order":0,"comment_status":"closed","ping_status":"closed","template":"","meta":{"_joinchat":[],"footnotes":""},"class_list":["post-173","page","type-page","status-publish","hentry"],"yoast_head":"<!-- This site is optimized with the Yoast SEO plugin v26.5 - https:\/\/yoast.com\/wordpress\/plugins\/seo\/ -->\n<title>Contacto - ACCOUNTANT MN<\/title>\n<meta name=\"robots\" content=\"index, follow, max-snippet:-1, max-image-preview:large, max-video-preview:-1\" \/>\n<link rel=\"canonical\" href=\"https:\/\/accountantmn.com\/en\/contacto\/\" \/>\n<meta property=\"og:locale\" content=\"en_US\" \/>\n<meta property=\"og:type\" content=\"article\" \/>\n<meta property=\"og:title\" content=\"Contacto - ACCOUNTANT MN\" \/>\n<meta property=\"og:description\" content=\"Tu satisfacci\u00f3n es nuestra prioridad. Nuestro equipo est\u00e1 comprometido en brindarte la mejor atenci\u00f3n. \u00bfNecesitas ayuda? Ofrecemos servicios simples para satisfacer tus necesidades. \u00a1Solicita tu consulta gratis y descubre en qu\u00e9 podemos ayudarte. Tambi\u00e9n estamos en Facebook para atenderte.\" \/>\n<meta property=\"og:url\" content=\"https:\/\/accountantmn.com\/en\/contacto\/\" \/>\n<meta property=\"og:site_name\" content=\"ACCOUNTANT MN\" \/>\n<meta property=\"article:modified_time\" content=\"2024-12-01T22:35:57+00:00\" \/>\n<meta property=\"og:image\" content=\"https:\/\/accountantmn.com\/wp-content\/uploads\/2024\/10\/contacto.png\" \/>\n<meta name=\"twitter:card\" content=\"summary_large_image\" \/>\n<meta name=\"twitter:label1\" content=\"Est. reading time\" \/>\n\t<meta name=\"twitter:data1\" content=\"1 minute\" \/>\n<script type=\"application\/ld+json\" class=\"yoast-schema-graph\">{\"@context\":\"https:\/\/schema.org\",\"@graph\":[{\"@type\":\"WebPage\",\"@id\":\"https:\/\/accountantmn.com\/contacto\/\",\"url\":\"https:\/\/accountantmn.com\/contacto\/\",\"name\":\"Contacto - ACCOUNTANT MN\",\"isPartOf\":{\"@id\":\"https:\/\/accountantmn.com\/#website\"},\"primaryImageOfPage\":{\"@id\":\"https:\/\/accountantmn.com\/contacto\/#primaryimage\"},\"image\":{\"@id\":\"https:\/\/accountantmn.com\/contacto\/#primaryimage\"},\"thumbnailUrl\":\"https:\/\/accountantmn.com\/wp-content\/uploads\/2024\/10\/contacto.png\",\"datePublished\":\"2024-10-08T00:38:38+00:00\",\"dateModified\":\"2024-12-01T22:35:57+00:00\",\"breadcrumb\":{\"@id\":\"https:\/\/accountantmn.com\/contacto\/#breadcrumb\"},\"inLanguage\":\"en-US\",\"potentialAction\":[{\"@type\":\"ReadAction\",\"target\":[\"https:\/\/accountantmn.com\/contacto\/\"]}]},{\"@type\":\"ImageObject\",\"inLanguage\":\"en-US\",\"@id\":\"https:\/\/accountantmn.com\/contacto\/#primaryimage\",\"url\":\"https:\/\/accountantmn.com\/wp-content\/uploads\/2024\/10\/contacto.png\",\"contentUrl\":\"https:\/\/accountantmn.com\/wp-content\/uploads\/2024\/10\/contacto.png\"},{\"@type\":\"BreadcrumbList\",\"@id\":\"https:\/\/accountantmn.com\/contacto\/#breadcrumb\",\"itemListElement\":[{\"@type\":\"ListItem\",\"position\":1,\"name\":\"Portada\",\"item\":\"https:\/\/accountantmn.com\/\"},{\"@type\":\"ListItem\",\"position\":2,\"name\":\"Contacto\"}]},{\"@type\":\"WebSite\",\"@id\":\"https:\/\/accountantmn.com\/#website\",\"url\":\"https:\/\/accountantmn.com\/\",\"name\":\"ACCOUNTANT MN\",\"description\":\"Servicios Contables Minnesota\",\"publisher\":{\"@id\":\"https:\/\/accountantmn.com\/#organization\"},\"potentialAction\":[{\"@type\":\"SearchAction\",\"target\":{\"@type\":\"EntryPoint\",\"urlTemplate\":\"https:\/\/accountantmn.com\/?s={search_term_string}\"},\"query-input\":{\"@type\":\"PropertyValueSpecification\",\"valueRequired\":true,\"valueName\":\"search_term_string\"}}],\"inLanguage\":\"en-US\"},{\"@type\":\"Organization\",\"@id\":\"https:\/\/accountantmn.com\/#organization\",\"name\":\"ACCOUNTANT MN\",\"url\":\"https:\/\/accountantmn.com\/\",\"logo\":{\"@type\":\"ImageObject\",\"inLanguage\":\"en-US\",\"@id\":\"https:\/\/accountantmn.com\/#\/schema\/logo\/image\/\",\"url\":\"https:\/\/accountantmn.com\/wp-content\/uploads\/2024\/12\/Logo-Accountant-MN-10.png\",\"contentUrl\":\"https:\/\/accountantmn.com\/wp-content\/uploads\/2024\/12\/Logo-Accountant-MN-10.png\",\"width\":200,\"height\":192,\"caption\":\"ACCOUNTANT MN\"},\"image\":{\"@id\":\"https:\/\/accountantmn.com\/#\/schema\/logo\/image\/\"}}]}<\/script>\n<!-- \/ Yoast SEO plugin. -->","yoast_head_json":{"title":"Contacto - ACCOUNTANT MN","robots":{"index":"index","follow":"follow","max-snippet":"max-snippet:-1","max-image-preview":"max-image-preview:large","max-video-preview":"max-video-preview:-1"},"canonical":"https:\/\/accountantmn.com\/en\/contacto\/","og_locale":"en_US","og_type":"article","og_title":"Contacto - ACCOUNTANT MN","og_description":"Tu satisfacci\u00f3n es nuestra prioridad. Nuestro equipo est\u00e1 comprometido en brindarte la mejor atenci\u00f3n. \u00bfNecesitas ayuda? Ofrecemos servicios simples para satisfacer tus necesidades. \u00a1Solicita tu consulta gratis y descubre en qu\u00e9 podemos ayudarte. Tambi\u00e9n estamos en Facebook para atenderte.","og_url":"https:\/\/accountantmn.com\/en\/contacto\/","og_site_name":"ACCOUNTANT MN","article_modified_time":"2024-12-01T22:35:57+00:00","og_image":[{"url":"https:\/\/accountantmn.com\/wp-content\/uploads\/2024\/10\/contacto.png","type":"","width":"","height":""}],"twitter_card":"summary_large_image","twitter_misc":{"Est. reading time":"1 minute"},"schema":{"@context":"https:\/\/schema.org","@graph":[{"@type":"WebPage","@id":"https:\/\/accountantmn.com\/contacto\/","url":"https:\/\/accountantmn.com\/contacto\/","name":"Contacto - ACCOUNTANT MN","isPartOf":{"@id":"https:\/\/accountantmn.com\/#website"},"primaryImageOfPage":{"@id":"https:\/\/accountantmn.com\/contacto\/#primaryimage"},"image":{"@id":"https:\/\/accountantmn.com\/contacto\/#primaryimage"},"thumbnailUrl":"https:\/\/accountantmn.com\/wp-content\/uploads\/2024\/10\/contacto.png","datePublished":"2024-10-08T00:38:38+00:00","dateModified":"2024-12-01T22:35:57+00:00","breadcrumb":{"@id":"https:\/\/accountantmn.com\/contacto\/#breadcrumb"},"inLanguage":"en-US","potentialAction":[{"@type":"ReadAction","target":["https:\/\/accountantmn.com\/contacto\/"]}]},{"@type":"ImageObject","inLanguage":"en-US","@id":"https:\/\/accountantmn.com\/contacto\/#primaryimage","url":"https:\/\/accountantmn.com\/wp-content\/uploads\/2024\/10\/contacto.png","contentUrl":"https:\/\/accountantmn.com\/wp-content\/uploads\/2024\/10\/contacto.png"},{"@type":"BreadcrumbList","@id":"https:\/\/accountantmn.com\/contacto\/#breadcrumb","itemListElement":[{"@type":"ListItem","position":1,"name":"Portada","item":"https:\/\/accountantmn.com\/"},{"@type":"ListItem","position":2,"name":"Contacto"}]},{"@type":"WebSite","@id":"https:\/\/accountantmn.com\/#website","url":"https:\/\/accountantmn.com\/","name":"ACCOUNTANT MN","description":"Minnesota Accounting Services","publisher":{"@id":"https:\/\/accountantmn.com\/#organization"},"potentialAction":[{"@type":"SearchAction","target":{"@type":"EntryPoint","urlTemplate":"https:\/\/accountantmn.com\/?s={search_term_string}"},"query-input":{"@type":"PropertyValueSpecification","valueRequired":true,"valueName":"search_term_string"}}],"inLanguage":"en-US"},{"@type":"Organization","@id":"https:\/\/accountantmn.com\/#organization","name":"ACCOUNTANT MN","url":"https:\/\/accountantmn.com\/","logo":{"@type":"ImageObject","inLanguage":"en-US","@id":"https:\/\/accountantmn.com\/#\/schema\/logo\/image\/","url":"https:\/\/accountantmn.com\/wp-content\/uploads\/2024\/12\/Logo-Accountant-MN-10.png","contentUrl":"https:\/\/accountantmn.com\/wp-content\/uploads\/2024\/12\/Logo-Accountant-MN-10.png","width":200,"height":192,"caption":"ACCOUNTANT MN"},"image":{"@id":"https:\/\/accountantmn.com\/#\/schema\/logo\/image\/"}}]}},"_links":{"self":[{"href":"https:\/\/accountantmn.com\/en\/wp-json\/wp\/v2\/pages\/173","targetHints":{"allow":["GET"]}}],"collection":[{"href":"https:\/\/accountantmn.com\/en\/wp-json\/wp\/v2\/pages"}],"about":[{"href":"https:\/\/accountantmn.com\/en\/wp-json\/wp\/v2\/types\/page"}],"author":[{"embeddable":true,"href":"https:\/\/accountantmn.com\/en\/wp-json\/wp\/v2\/users\/1"}],"replies":[{"embeddable":true,"href":"https:\/\/accountantmn.com\/en\/wp-json\/wp\/v2\/comments?post=173"}],"version-history":[{"count":2,"href":"https:\/\/accountantmn.com\/en\/wp-json\/wp\/v2\/pages\/173\/revisions"}],"predecessor-version":[{"id":196,"href":"https:\/\/accountantmn.com\/en\/wp-json\/wp\/v2\/pages\/173\/revisions\/196"}],"wp:attachment":[{"href":"https:\/\/accountantmn.com\/en\/wp-json\/wp\/v2\/media?parent=173"}],"curies":[{"name":"wp","href":"https:\/\/api.w.org\/{rel}","templated":true}]}}