{"id":121,"date":"2024-10-03T01:55:18","date_gmt":"2024-10-03T01:55:18","guid":{"rendered":"https:\/\/accountantmn.com\/?page_id=121"},"modified":"2024-12-01T22:37:11","modified_gmt":"2024-12-01T22:37:11","slug":"impuestos","status":"publish","type":"page","link":"https:\/\/accountantmn.com\/en\/impuestos\/","title":{"rendered":"Tax"},"content":{"rendered":"<p><strong>Is the complexity of taxes overwhelming you?<\/strong><\/p>\n\n\n\n<p>Let us simplify your tax burden. We are experts in accounting and tax planning, dedicated to helping you meet your tax obligations efficiently and minimize your tax burden.<\/p>\n\n\n\n<p><strong>Our tax services include:<\/strong><\/p>\n\n\n\n<ul class=\"wp-block-list\">\n<li><strong>Preparation of statements:<\/strong> We prepare your tax returns accurately and on time, ensuring you take advantage of all the deductions and credits to which you are entitled.<\/li>\n\n\n\n<li><strong>Proactive tax planning:<\/strong> We identify opportunities to optimize your long-term tax situation and minimize your exposure to audits.<\/li>\n\n\n\n<li><strong>Advice on tax changes:<\/strong> We keep you informed about the latest changes in tax laws and help you adapt to them.<\/li>\n<\/ul>\n\n\n\n<p><strong>Why choose us?<\/strong><\/p>\n\n\n\n<ul class=\"wp-block-list\">\n<li><strong>Deep knowledge:<\/strong> Our accountants are up to date on the latest tax regulations.<\/li>\n\n\n\n<li><strong>Custom approach:<\/strong> We adapt our strategies to your specific needs.<\/li>\n\n\n\n<li><strong>Confidentiality:<\/strong> We treat your information with the utmost discretion.<\/li>\n<\/ul>\n\n\n\n<p><strong>With us, you will have peace of mind knowing that your taxes are in good hands.<\/strong><\/p>\n\n\n\n<p><strong>Contact us today for a free consultation!<\/strong><\/p>\n\n\n\n<p>\u00bfTienes dudas? Con nuestros <strong>servicios simples<\/strong> <strong>podemos ayudarte<\/strong> a encontrar la soluci\u00f3n. \u00a1Aprovecha nuestra <strong>consulta gratis<\/strong> y cu\u00e9ntanos tus <strong>necesidades<\/strong>. <strong>Tambi\u00e9n estamos en Facebook<\/strong>.<\/p>","protected":false},"excerpt":{"rendered":"<p>\u00bfLa complejidad de los impuestos te est\u00e1 agobiando? Perm\u00edtenos simplificar tu carga fiscal. Somos expertos en contabilidad y planificaci\u00f3n fiscal, dedicados a ayudarte a cumplir con tus obligaciones tributarias de manera eficiente y minimizar tu carga fiscal. Nuestros servicios&#8230;<\/p>","protected":false},"author":1,"featured_media":0,"parent":0,"menu_order":0,"comment_status":"closed","ping_status":"closed","template":"","meta":{"_joinchat":[],"footnotes":""},"class_list":["post-121","page","type-page","status-publish","hentry"],"yoast_head":"<!-- This site is optimized with the Yoast SEO plugin v26.5 - https:\/\/yoast.com\/wordpress\/plugins\/seo\/ -->\n<title>Impuestos - ACCOUNTANT MN<\/title>\n<meta name=\"robots\" content=\"index, follow, max-snippet:-1, max-image-preview:large, max-video-preview:-1\" \/>\n<link rel=\"canonical\" href=\"https:\/\/accountantmn.com\/en\/impuestos\/\" \/>\n<meta property=\"og:locale\" content=\"en_US\" \/>\n<meta property=\"og:type\" content=\"article\" \/>\n<meta property=\"og:title\" content=\"Impuestos - ACCOUNTANT MN\" \/>\n<meta property=\"og:description\" content=\"\u00bfLa complejidad de los impuestos te est\u00e1 agobiando? Perm\u00edtenos simplificar tu carga fiscal. Somos expertos en contabilidad y planificaci\u00f3n fiscal, dedicados a ayudarte a cumplir con tus obligaciones tributarias de manera eficiente y minimizar tu carga fiscal. Nuestros servicios...\" \/>\n<meta property=\"og:url\" content=\"https:\/\/accountantmn.com\/en\/impuestos\/\" \/>\n<meta property=\"og:site_name\" content=\"ACCOUNTANT MN\" \/>\n<meta property=\"article:modified_time\" content=\"2024-12-01T22:37:11+00:00\" \/>\n<meta name=\"twitter:card\" content=\"summary_large_image\" \/>\n<meta name=\"twitter:label1\" content=\"Est. reading time\" \/>\n\t<meta name=\"twitter:data1\" content=\"1 minute\" \/>\n<script type=\"application\/ld+json\" class=\"yoast-schema-graph\">{\"@context\":\"https:\/\/schema.org\",\"@graph\":[{\"@type\":\"WebPage\",\"@id\":\"https:\/\/accountantmn.com\/impuestos\/\",\"url\":\"https:\/\/accountantmn.com\/impuestos\/\",\"name\":\"Impuestos - ACCOUNTANT MN\",\"isPartOf\":{\"@id\":\"https:\/\/accountantmn.com\/#website\"},\"datePublished\":\"2024-10-03T01:55:18+00:00\",\"dateModified\":\"2024-12-01T22:37:11+00:00\",\"breadcrumb\":{\"@id\":\"https:\/\/accountantmn.com\/impuestos\/#breadcrumb\"},\"inLanguage\":\"en-US\",\"potentialAction\":[{\"@type\":\"ReadAction\",\"target\":[\"https:\/\/accountantmn.com\/impuestos\/\"]}]},{\"@type\":\"BreadcrumbList\",\"@id\":\"https:\/\/accountantmn.com\/impuestos\/#breadcrumb\",\"itemListElement\":[{\"@type\":\"ListItem\",\"position\":1,\"name\":\"Portada\",\"item\":\"https:\/\/accountantmn.com\/\"},{\"@type\":\"ListItem\",\"position\":2,\"name\":\"Impuestos\"}]},{\"@type\":\"WebSite\",\"@id\":\"https:\/\/accountantmn.com\/#website\",\"url\":\"https:\/\/accountantmn.com\/\",\"name\":\"ACCOUNTANT MN\",\"description\":\"Servicios Contables Minnesota\",\"publisher\":{\"@id\":\"https:\/\/accountantmn.com\/#organization\"},\"potentialAction\":[{\"@type\":\"SearchAction\",\"target\":{\"@type\":\"EntryPoint\",\"urlTemplate\":\"https:\/\/accountantmn.com\/?s={search_term_string}\"},\"query-input\":{\"@type\":\"PropertyValueSpecification\",\"valueRequired\":true,\"valueName\":\"search_term_string\"}}],\"inLanguage\":\"en-US\"},{\"@type\":\"Organization\",\"@id\":\"https:\/\/accountantmn.com\/#organization\",\"name\":\"ACCOUNTANT MN\",\"url\":\"https:\/\/accountantmn.com\/\",\"logo\":{\"@type\":\"ImageObject\",\"inLanguage\":\"en-US\",\"@id\":\"https:\/\/accountantmn.com\/#\/schema\/logo\/image\/\",\"url\":\"https:\/\/accountantmn.com\/wp-content\/uploads\/2024\/12\/Logo-Accountant-MN-10.png\",\"contentUrl\":\"https:\/\/accountantmn.com\/wp-content\/uploads\/2024\/12\/Logo-Accountant-MN-10.png\",\"width\":200,\"height\":192,\"caption\":\"ACCOUNTANT MN\"},\"image\":{\"@id\":\"https:\/\/accountantmn.com\/#\/schema\/logo\/image\/\"}}]}<\/script>\n<!-- \/ Yoast SEO plugin. -->","yoast_head_json":{"title":"Impuestos - ACCOUNTANT MN","robots":{"index":"index","follow":"follow","max-snippet":"max-snippet:-1","max-image-preview":"max-image-preview:large","max-video-preview":"max-video-preview:-1"},"canonical":"https:\/\/accountantmn.com\/en\/impuestos\/","og_locale":"en_US","og_type":"article","og_title":"Impuestos - ACCOUNTANT MN","og_description":"\u00bfLa complejidad de los impuestos te est\u00e1 agobiando? Perm\u00edtenos simplificar tu carga fiscal. Somos expertos en contabilidad y planificaci\u00f3n fiscal, dedicados a ayudarte a cumplir con tus obligaciones tributarias de manera eficiente y minimizar tu carga fiscal. Nuestros servicios...","og_url":"https:\/\/accountantmn.com\/en\/impuestos\/","og_site_name":"ACCOUNTANT MN","article_modified_time":"2024-12-01T22:37:11+00:00","twitter_card":"summary_large_image","twitter_misc":{"Est. reading time":"1 minute"},"schema":{"@context":"https:\/\/schema.org","@graph":[{"@type":"WebPage","@id":"https:\/\/accountantmn.com\/impuestos\/","url":"https:\/\/accountantmn.com\/impuestos\/","name":"Impuestos - ACCOUNTANT MN","isPartOf":{"@id":"https:\/\/accountantmn.com\/#website"},"datePublished":"2024-10-03T01:55:18+00:00","dateModified":"2024-12-01T22:37:11+00:00","breadcrumb":{"@id":"https:\/\/accountantmn.com\/impuestos\/#breadcrumb"},"inLanguage":"en-US","potentialAction":[{"@type":"ReadAction","target":["https:\/\/accountantmn.com\/impuestos\/"]}]},{"@type":"BreadcrumbList","@id":"https:\/\/accountantmn.com\/impuestos\/#breadcrumb","itemListElement":[{"@type":"ListItem","position":1,"name":"Portada","item":"https:\/\/accountantmn.com\/"},{"@type":"ListItem","position":2,"name":"Impuestos"}]},{"@type":"WebSite","@id":"https:\/\/accountantmn.com\/#website","url":"https:\/\/accountantmn.com\/","name":"ACCOUNTANT MN","description":"Minnesota Accounting Services","publisher":{"@id":"https:\/\/accountantmn.com\/#organization"},"potentialAction":[{"@type":"SearchAction","target":{"@type":"EntryPoint","urlTemplate":"https:\/\/accountantmn.com\/?s={search_term_string}"},"query-input":{"@type":"PropertyValueSpecification","valueRequired":true,"valueName":"search_term_string"}}],"inLanguage":"en-US"},{"@type":"Organization","@id":"https:\/\/accountantmn.com\/#organization","name":"ACCOUNTANT MN","url":"https:\/\/accountantmn.com\/","logo":{"@type":"ImageObject","inLanguage":"en-US","@id":"https:\/\/accountantmn.com\/#\/schema\/logo\/image\/","url":"https:\/\/accountantmn.com\/wp-content\/uploads\/2024\/12\/Logo-Accountant-MN-10.png","contentUrl":"https:\/\/accountantmn.com\/wp-content\/uploads\/2024\/12\/Logo-Accountant-MN-10.png","width":200,"height":192,"caption":"ACCOUNTANT MN"},"image":{"@id":"https:\/\/accountantmn.com\/#\/schema\/logo\/image\/"}}]}},"_links":{"self":[{"href":"https:\/\/accountantmn.com\/en\/wp-json\/wp\/v2\/pages\/121","targetHints":{"allow":["GET"]}}],"collection":[{"href":"https:\/\/accountantmn.com\/en\/wp-json\/wp\/v2\/pages"}],"about":[{"href":"https:\/\/accountantmn.com\/en\/wp-json\/wp\/v2\/types\/page"}],"author":[{"embeddable":true,"href":"https:\/\/accountantmn.com\/en\/wp-json\/wp\/v2\/users\/1"}],"replies":[{"embeddable":true,"href":"https:\/\/accountantmn.com\/en\/wp-json\/wp\/v2\/comments?post=121"}],"version-history":[{"count":3,"href":"https:\/\/accountantmn.com\/en\/wp-json\/wp\/v2\/pages\/121\/revisions"}],"predecessor-version":[{"id":199,"href":"https:\/\/accountantmn.com\/en\/wp-json\/wp\/v2\/pages\/121\/revisions\/199"}],"wp:attachment":[{"href":"https:\/\/accountantmn.com\/en\/wp-json\/wp\/v2\/media?parent=121"}],"curies":[{"name":"wp","href":"https:\/\/api.w.org\/{rel}","templated":true}]}}