{"id":119,"date":"2024-10-03T01:51:11","date_gmt":"2024-10-03T01:51:11","guid":{"rendered":"https:\/\/accountantmn.com\/?page_id=119"},"modified":"2024-12-01T22:35:31","modified_gmt":"2024-12-01T22:35:31","slug":"contabilidad","status":"publish","type":"page","link":"https:\/\/accountantmn.com\/en\/contabilidad\/","title":{"rendered":"Accounting"},"content":{"rendered":"<p><strong>Do you need a trusted accountant for your business?<\/strong><\/p>\n\n\n\n<p><strong>Trust us!<\/strong> We are your strategic partner for financial success. We offer comprehensive, personalized accounting services designed to simplify your accounting and help you make informed decisions.<\/p>\n\n\n\n<p><strong>Our services include:<\/strong><\/p>\n\n\n\n<ul class=\"wp-block-list\">\n<li><strong>General accounting:<\/strong> Recording transactions, bank reconciliation, preparation of financial statements and more.<\/li>\n\n\n\n<li><strong>Tax preparation:<\/strong> Accurate and timely declarations, maximizing your tax deductions and credits.<\/li>\n\n\n\n<li><strong>Tax planning:<\/strong> Customized strategies to optimize your taxes and achieve your long-term goals.<\/li>\n<\/ul>\n\n\n\n<p><strong>Why choose us?<\/strong><\/p>\n\n\n\n<ul class=\"wp-block-list\">\n<li><strong>Experience:<\/strong> Our expert accountants have years of experience in the sector.<\/li>\n\n\n\n<li><strong>Personalization:<\/strong> We adapt our services to the specific needs of your business.<\/li>\n\n\n\n<li><strong>Tranquillity:<\/strong> We give you the peace of mind of knowing that your finances are in good hands.<\/li>\n<\/ul>\n\n\n\n<p><strong>Focus on growing your business while we take care of your accounting.<\/strong><\/p>\n\n\n\n<p><strong>Contact us today and find out how we can help you!<\/strong><\/p>\n\n\n\n<p>\u00bfNecesitas ayuda? Ofrecemos <strong>servicios simples<\/strong> para satisfacer tus <strong>necesidades<\/strong>. \u00a1Solicita tu <strong>consulta gratis<\/strong> y descubre en qu\u00e9 <strong>podemos ayudarte<\/strong>. <strong>Tambi\u00e9n estamos en Facebook<\/strong> para atenderte.<\/p>\n\n\n\n<p><\/p>","protected":false},"excerpt":{"rendered":"<p>\u00bfNecesitas un contador de confianza para tu negocio? \u00a1Conf\u00eda en nosotros! Somos tu socio estrat\u00e9gico para el \u00e9xito financiero. Ofrecemos servicios contables integrales y personalizados, dise\u00f1ados para simplificar tu contabilidad y ayudarte a tomar decisiones informadas. Nuestros servicios incluyen:&#8230;<\/p>","protected":false},"author":1,"featured_media":0,"parent":0,"menu_order":0,"comment_status":"closed","ping_status":"closed","template":"","meta":{"_joinchat":[],"footnotes":""},"class_list":["post-119","page","type-page","status-publish","hentry"],"yoast_head":"<!-- This site is optimized with the Yoast SEO plugin v26.5 - https:\/\/yoast.com\/wordpress\/plugins\/seo\/ -->\n<title>Contabilidad - ACCOUNTANT MN<\/title>\n<meta name=\"robots\" content=\"index, follow, max-snippet:-1, max-image-preview:large, max-video-preview:-1\" \/>\n<link rel=\"canonical\" href=\"https:\/\/accountantmn.com\/en\/contabilidad\/\" \/>\n<meta property=\"og:locale\" content=\"en_US\" \/>\n<meta property=\"og:type\" content=\"article\" \/>\n<meta property=\"og:title\" content=\"Contabilidad - ACCOUNTANT MN\" \/>\n<meta property=\"og:description\" content=\"\u00bfNecesitas un contador de confianza para tu negocio? \u00a1Conf\u00eda en nosotros! Somos tu socio estrat\u00e9gico para el \u00e9xito financiero. Ofrecemos servicios contables integrales y personalizados, dise\u00f1ados para simplificar tu contabilidad y ayudarte a tomar decisiones informadas. Nuestros servicios incluyen:...\" \/>\n<meta property=\"og:url\" content=\"https:\/\/accountantmn.com\/en\/contabilidad\/\" \/>\n<meta property=\"og:site_name\" content=\"ACCOUNTANT MN\" \/>\n<meta property=\"article:modified_time\" content=\"2024-12-01T22:35:31+00:00\" \/>\n<meta name=\"twitter:card\" content=\"summary_large_image\" \/>\n<meta name=\"twitter:label1\" content=\"Est. reading time\" \/>\n\t<meta name=\"twitter:data1\" content=\"1 minute\" \/>\n<script type=\"application\/ld+json\" class=\"yoast-schema-graph\">{\"@context\":\"https:\/\/schema.org\",\"@graph\":[{\"@type\":\"WebPage\",\"@id\":\"https:\/\/accountantmn.com\/contabilidad\/\",\"url\":\"https:\/\/accountantmn.com\/contabilidad\/\",\"name\":\"Contabilidad - ACCOUNTANT MN\",\"isPartOf\":{\"@id\":\"https:\/\/accountantmn.com\/#website\"},\"datePublished\":\"2024-10-03T01:51:11+00:00\",\"dateModified\":\"2024-12-01T22:35:31+00:00\",\"breadcrumb\":{\"@id\":\"https:\/\/accountantmn.com\/contabilidad\/#breadcrumb\"},\"inLanguage\":\"en-US\",\"potentialAction\":[{\"@type\":\"ReadAction\",\"target\":[\"https:\/\/accountantmn.com\/contabilidad\/\"]}]},{\"@type\":\"BreadcrumbList\",\"@id\":\"https:\/\/accountantmn.com\/contabilidad\/#breadcrumb\",\"itemListElement\":[{\"@type\":\"ListItem\",\"position\":1,\"name\":\"Portada\",\"item\":\"https:\/\/accountantmn.com\/\"},{\"@type\":\"ListItem\",\"position\":2,\"name\":\"Contabilidad\"}]},{\"@type\":\"WebSite\",\"@id\":\"https:\/\/accountantmn.com\/#website\",\"url\":\"https:\/\/accountantmn.com\/\",\"name\":\"ACCOUNTANT MN\",\"description\":\"Servicios Contables Minnesota\",\"publisher\":{\"@id\":\"https:\/\/accountantmn.com\/#organization\"},\"potentialAction\":[{\"@type\":\"SearchAction\",\"target\":{\"@type\":\"EntryPoint\",\"urlTemplate\":\"https:\/\/accountantmn.com\/?s={search_term_string}\"},\"query-input\":{\"@type\":\"PropertyValueSpecification\",\"valueRequired\":true,\"valueName\":\"search_term_string\"}}],\"inLanguage\":\"en-US\"},{\"@type\":\"Organization\",\"@id\":\"https:\/\/accountantmn.com\/#organization\",\"name\":\"ACCOUNTANT MN\",\"url\":\"https:\/\/accountantmn.com\/\",\"logo\":{\"@type\":\"ImageObject\",\"inLanguage\":\"en-US\",\"@id\":\"https:\/\/accountantmn.com\/#\/schema\/logo\/image\/\",\"url\":\"https:\/\/accountantmn.com\/wp-content\/uploads\/2024\/12\/Logo-Accountant-MN-10.png\",\"contentUrl\":\"https:\/\/accountantmn.com\/wp-content\/uploads\/2024\/12\/Logo-Accountant-MN-10.png\",\"width\":200,\"height\":192,\"caption\":\"ACCOUNTANT MN\"},\"image\":{\"@id\":\"https:\/\/accountantmn.com\/#\/schema\/logo\/image\/\"}}]}<\/script>\n<!-- \/ Yoast SEO plugin. -->","yoast_head_json":{"title":"Contabilidad - ACCOUNTANT MN","robots":{"index":"index","follow":"follow","max-snippet":"max-snippet:-1","max-image-preview":"max-image-preview:large","max-video-preview":"max-video-preview:-1"},"canonical":"https:\/\/accountantmn.com\/en\/contabilidad\/","og_locale":"en_US","og_type":"article","og_title":"Contabilidad - ACCOUNTANT MN","og_description":"\u00bfNecesitas un contador de confianza para tu negocio? \u00a1Conf\u00eda en nosotros! Somos tu socio estrat\u00e9gico para el \u00e9xito financiero. Ofrecemos servicios contables integrales y personalizados, dise\u00f1ados para simplificar tu contabilidad y ayudarte a tomar decisiones informadas. Nuestros servicios incluyen:...","og_url":"https:\/\/accountantmn.com\/en\/contabilidad\/","og_site_name":"ACCOUNTANT MN","article_modified_time":"2024-12-01T22:35:31+00:00","twitter_card":"summary_large_image","twitter_misc":{"Est. reading time":"1 minute"},"schema":{"@context":"https:\/\/schema.org","@graph":[{"@type":"WebPage","@id":"https:\/\/accountantmn.com\/contabilidad\/","url":"https:\/\/accountantmn.com\/contabilidad\/","name":"Contabilidad - ACCOUNTANT MN","isPartOf":{"@id":"https:\/\/accountantmn.com\/#website"},"datePublished":"2024-10-03T01:51:11+00:00","dateModified":"2024-12-01T22:35:31+00:00","breadcrumb":{"@id":"https:\/\/accountantmn.com\/contabilidad\/#breadcrumb"},"inLanguage":"en-US","potentialAction":[{"@type":"ReadAction","target":["https:\/\/accountantmn.com\/contabilidad\/"]}]},{"@type":"BreadcrumbList","@id":"https:\/\/accountantmn.com\/contabilidad\/#breadcrumb","itemListElement":[{"@type":"ListItem","position":1,"name":"Portada","item":"https:\/\/accountantmn.com\/"},{"@type":"ListItem","position":2,"name":"Contabilidad"}]},{"@type":"WebSite","@id":"https:\/\/accountantmn.com\/#website","url":"https:\/\/accountantmn.com\/","name":"ACCOUNTANT MN","description":"Minnesota Accounting Services","publisher":{"@id":"https:\/\/accountantmn.com\/#organization"},"potentialAction":[{"@type":"SearchAction","target":{"@type":"EntryPoint","urlTemplate":"https:\/\/accountantmn.com\/?s={search_term_string}"},"query-input":{"@type":"PropertyValueSpecification","valueRequired":true,"valueName":"search_term_string"}}],"inLanguage":"en-US"},{"@type":"Organization","@id":"https:\/\/accountantmn.com\/#organization","name":"ACCOUNTANT MN","url":"https:\/\/accountantmn.com\/","logo":{"@type":"ImageObject","inLanguage":"en-US","@id":"https:\/\/accountantmn.com\/#\/schema\/logo\/image\/","url":"https:\/\/accountantmn.com\/wp-content\/uploads\/2024\/12\/Logo-Accountant-MN-10.png","contentUrl":"https:\/\/accountantmn.com\/wp-content\/uploads\/2024\/12\/Logo-Accountant-MN-10.png","width":200,"height":192,"caption":"ACCOUNTANT MN"},"image":{"@id":"https:\/\/accountantmn.com\/#\/schema\/logo\/image\/"}}]}},"_links":{"self":[{"href":"https:\/\/accountantmn.com\/en\/wp-json\/wp\/v2\/pages\/119","targetHints":{"allow":["GET"]}}],"collection":[{"href":"https:\/\/accountantmn.com\/en\/wp-json\/wp\/v2\/pages"}],"about":[{"href":"https:\/\/accountantmn.com\/en\/wp-json\/wp\/v2\/types\/page"}],"author":[{"embeddable":true,"href":"https:\/\/accountantmn.com\/en\/wp-json\/wp\/v2\/users\/1"}],"replies":[{"embeddable":true,"href":"https:\/\/accountantmn.com\/en\/wp-json\/wp\/v2\/comments?post=119"}],"version-history":[{"count":2,"href":"https:\/\/accountantmn.com\/en\/wp-json\/wp\/v2\/pages\/119\/revisions"}],"predecessor-version":[{"id":195,"href":"https:\/\/accountantmn.com\/en\/wp-json\/wp\/v2\/pages\/119\/revisions\/195"}],"wp:attachment":[{"href":"https:\/\/accountantmn.com\/en\/wp-json\/wp\/v2\/media?parent=119"}],"curies":[{"name":"wp","href":"https:\/\/api.w.org\/{rel}","templated":true}]}}